{"id":42,"date":"2026-01-25T04:13:11","date_gmt":"2026-01-25T04:13:11","guid":{"rendered":"https:\/\/garmentech.mx\/?page_id=42"},"modified":"2026-01-29T16:07:22","modified_gmt":"2026-01-29T22:07:22","slug":"video-vigilancia","status":"publish","type":"page","link":"https:\/\/garmentech.mx\/index.php\/sample-page\/video-vigilancia\/","title":{"rendered":"VIDEOVIGILANCIA"},"content":{"rendered":"\n<p class=\"has-text-align-center has-white-color has-text-color has-background has-link-color has-inter-font-family has-medium-font-size wp-elements-e70cf5ed1f734a394d0151ef22ab15f6 wp-block-paragraph\" style=\"background-color:#162171;font-style:normal;font-weight:700;letter-spacing:25px;text-transform:uppercase\">videovigilancia<\/p>\n\n\n\n<style data-wp-block-html=\"css\">\n.productos-cctv {\n  max-width: 1200px;\n  margin: auto;\n  padding: 40px 20px;\n  text-align: center;\n}\n\n.subtitulo {\n  margin-bottom: 40px;\n  color: #555;\n}\n\n.grid {\n  display: grid;\n  grid-template-columns: repeat(auto-fit, minmax(250px, 1fr));\n  gap: 30px;\n}\n\n.producto {\n  background: #fff;\n  padding: 15px;\n  border-radius: 20px;\n  box-shadow: 0 6px 15px rgba(0,0,0,0.3);\n}\n\n.producto img {\n  width: 50%;\n  border-radius: 8px;\n  margin-bottom: 15px;\n}\n\n.producto h3 {\n  color: #0b5ed7;\n}\n\n.btn {\n  display: inline-block;\n  margin-top: 15px;\n  padding: 12px 25px;\n  background: #25D366;\n  color: #fff;\n  text-decoration: none;\n  border-radius: 30px;\n  font-weight: bold;\n}\n\n.btn:hover {\n  background: #1ebe5d;\n}\n<\/style>\n\n<section class=\"productos-cctv\">\n  <h2>Productos de Videovigilancia<\/h2>\n  <p class=\"subtitulo\">Soluciones profesionales para hogar y negocio<\/p>\n\n  <div class=\"grid\">\n\n    <div class=\"producto\">\n      <img decoding=\"async\" src=\"https:\/\/garmentech.mx\/wp-content\/uploads\/2026\/01\/dvr-nvr-1.jpg\">\n      <h3>C\u00e1maras HD<\/h3>\n      <p>Ideal para exteriores, visi\u00f3n nocturna y alta definici\u00f3n.<\/p>\n      <a class=\"btn\" target=\"_blank\" href=\"https:\/\/wa.me\/5215532490473?text=Hola,%20quiero%20cotizar%20una%20C%C3%A1mara%20Bullet%20HD\">\n         Cotizar por WhatsApp\n      <\/a>\n    <\/div>\n\n    \n    <div class=\"producto\">\n      <img decoding=\"async\" src=\"https:\/\/garmentech.mx\/wp-content\/uploads\/2026\/01\/cameraip.jpg\">\n      <h3>C\u00e1mara IP WiFi<\/h3>\n      <p>Monitorea desde tu celular, audio y detecci\u00f3n de movimiento.<\/p>\n      <a class=\"btn\" target=\"_blank\" href=\"https:\/\/wa.me\/5215532490473?text=Hola,%20quiero%20cotizar%20una%20C%C3%A1mara%20IP%20WiFi\">\n         Cotizar por WhatsApp\n      <\/a>\n    <\/div>\n\n    \n    <div class=\"producto\">\n      <img decoding=\"async\" src=\"https:\/\/garmentech.mx\/wp-content\/uploads\/2026\/01\/dvr-nvr-1.jpg\" alt=\"DVR NVR\">\n      <h3>DVR \/ NVR<\/h3>\n      <p>Grabaci\u00f3n continua, acceso remoto y respaldo seguro.<\/p>\n      <a class=\"btn\" target=\"_blank\" href=\"https:\/\/wa.me\/5215532490473?text=Hola,%20quiero%20informaci%C3%B3n%20sobre%20DVR%20o%20NVR\">\n         Cotizar por WhatsApp\n      <\/a>\n    <\/div>\n\n<div class=\"producto\">\n      <img decoding=\"async\" src=\"https:\/\/garmentech.mx\/wp-content\/uploads\/2026\/01\/kitdvr.jpg\" alt=\"Kit de Videovigilancia\">\n      <h3>Kit de Videovigilancia<\/h3>\n      <p>Incluye c\u00e1maras, DVR\/NVR, disco duro y accesorios.<\/p>\n      <a class=\"btn\" target=\"_blank\" href=\"https:\/\/wa.me\/5215532490473?text=Hola,%20quiero%20cotizar%20un%20Kit%20de%20Videovigilancia\">\n         Cotizar por WhatsApp\n      <\/a>\n    <\/div>\n\n\n    <div class=\"producto\">\n      <img decoding=\"async\" src=\"https:\/\/garmentech.mx\/wp-content\/uploads\/2026\/01\/inscctv.jpg\" alt=\"Instalaci\u00f3n CCTV\">\n      <h3>Instalaci\u00f3n Profesional<\/h3>\n      <p>Instalaci\u00f3n certificada y soporte t\u00e9cnico especializado.<\/p>\n      <a class=\"btn\" target=\"_blank\" href=\"https:\/\/wa.me\/5215532490473?text=Hola,%20quiero%20una%20instalaci%C3%B3n%20profesional%20de%20videovigilancia\">\n         Cotizar por WhatsApp\n      <\/a>\n    <\/div>\n\n  <\/div>\n<\/section>\n","protected":false},"excerpt":{"rendered":"<p>videovigilancia Productos de Videovigilancia Soluciones profesionales para hogar y negocio C\u00e1maras HD Ideal para exteriores, visi\u00f3n nocturna y alta definici\u00f3n. Cotizar por WhatsApp C\u00e1mara IP WiFi Monitorea desde tu celular, audio y detecci\u00f3n de movimiento. Cotizar por WhatsApp DVR \/ NVR Grabaci\u00f3n continua, acceso remoto y respaldo seguro. Cotizar por WhatsApp Kit de Videovigilancia Incluye [&hellip;]<\/p>\n","protected":false},"author":1,"featured_media":0,"parent":2,"menu_order":0,"comment_status":"closed","ping_status":"closed","template":"page-templates\/pagebuilder.php","meta":{"_crdt_document":"","footnotes":""},"class_list":["post-42","page","type-page","status-publish","hentry"],"yoast_head":"<!-- This site is optimized with the Yoast SEO plugin v26.8 - https:\/\/yoast.com\/product\/yoast-seo-wordpress\/ -->\n<title>VIDEOVIGILANCIA - GARMENTECH<\/title>\n<meta name=\"robots\" content=\"index, follow, max-snippet:-1, max-image-preview:large, max-video-preview:-1\" \/>\n<link rel=\"canonical\" href=\"https:\/\/garmentech.mx\/index.php\/sample-page\/video-vigilancia\/\" \/>\n<meta property=\"og:locale\" content=\"es_MX\" \/>\n<meta property=\"og:type\" content=\"article\" \/>\n<meta property=\"og:title\" content=\"VIDEOVIGILANCIA - GARMENTECH\" \/>\n<meta property=\"og:description\" content=\"videovigilancia Productos de Videovigilancia Soluciones profesionales para hogar y negocio C\u00e1maras HD Ideal para exteriores, visi\u00f3n nocturna y alta definici\u00f3n. Cotizar por WhatsApp C\u00e1mara IP WiFi Monitorea desde tu celular, audio y detecci\u00f3n de movimiento. Cotizar por WhatsApp DVR \/ NVR Grabaci\u00f3n continua, acceso remoto y respaldo seguro. Cotizar por WhatsApp Kit de Videovigilancia Incluye [&hellip;]\" \/>\n<meta property=\"og:url\" content=\"https:\/\/garmentech.mx\/index.php\/sample-page\/video-vigilancia\/\" \/>\n<meta property=\"og:site_name\" content=\"GARMENTECH\" \/>\n<meta property=\"article:modified_time\" content=\"2026-01-29T22:07:22+00:00\" \/>\n<meta property=\"og:image\" content=\"https:\/\/garmentech.mx\/wp-content\/uploads\/2026\/01\/dvr-nvr-1.jpg\" \/>\n<meta name=\"twitter:card\" content=\"summary_large_image\" \/>\n<meta name=\"twitter:label1\" content=\"Tiempo de lectura\" \/>\n\t<meta name=\"twitter:data1\" content=\"2 minutos\" \/>\n<script type=\"application\/ld+json\" class=\"yoast-schema-graph\">{\"@context\":\"https:\/\/schema.org\",\"@graph\":[{\"@type\":\"WebPage\",\"@id\":\"https:\/\/garmentech.mx\/index.php\/sample-page\/video-vigilancia\/\",\"url\":\"https:\/\/garmentech.mx\/index.php\/sample-page\/video-vigilancia\/\",\"name\":\"VIDEOVIGILANCIA - GARMENTECH\",\"isPartOf\":{\"@id\":\"https:\/\/garmentech.mx\/#website\"},\"primaryImageOfPage\":{\"@id\":\"https:\/\/garmentech.mx\/index.php\/sample-page\/video-vigilancia\/#primaryimage\"},\"image\":{\"@id\":\"https:\/\/garmentech.mx\/index.php\/sample-page\/video-vigilancia\/#primaryimage\"},\"thumbnailUrl\":\"https:\/\/garmentech.mx\/wp-content\/uploads\/2026\/01\/dvr-nvr-1.jpg\",\"datePublished\":\"2026-01-25T04:13:11+00:00\",\"dateModified\":\"2026-01-29T22:07:22+00:00\",\"breadcrumb\":{\"@id\":\"https:\/\/garmentech.mx\/index.php\/sample-page\/video-vigilancia\/#breadcrumb\"},\"inLanguage\":\"es\",\"potentialAction\":[{\"@type\":\"ReadAction\",\"target\":[\"https:\/\/garmentech.mx\/index.php\/sample-page\/video-vigilancia\/\"]}]},{\"@type\":\"ImageObject\",\"inLanguage\":\"es\",\"@id\":\"https:\/\/garmentech.mx\/index.php\/sample-page\/video-vigilancia\/#primaryimage\",\"url\":\"https:\/\/garmentech.mx\/wp-content\/uploads\/2026\/01\/dvr-nvr-1.jpg\",\"contentUrl\":\"https:\/\/garmentech.mx\/wp-content\/uploads\/2026\/01\/dvr-nvr-1.jpg\",\"width\":256,\"height\":256},{\"@type\":\"BreadcrumbList\",\"@id\":\"https:\/\/garmentech.mx\/index.php\/sample-page\/video-vigilancia\/#breadcrumb\",\"itemListElement\":[{\"@type\":\"ListItem\",\"position\":1,\"name\":\"Inicio\",\"item\":\"https:\/\/garmentech.mx\/\"},{\"@type\":\"ListItem\",\"position\":2,\"name\":\"PRODUCTOS\",\"item\":\"https:\/\/garmentech.mx\/index.php\/sample-page\/\"},{\"@type\":\"ListItem\",\"position\":3,\"name\":\"VIDEOVIGILANCIA\"}]},{\"@type\":\"WebSite\",\"@id\":\"https:\/\/garmentech.mx\/#website\",\"url\":\"https:\/\/garmentech.mx\/\",\"name\":\"GARMENTECH\",\"description\":\"Soluciones Tecnologicas para tu Dia\",\"publisher\":{\"@id\":\"https:\/\/garmentech.mx\/#organization\"},\"potentialAction\":[{\"@type\":\"SearchAction\",\"target\":{\"@type\":\"EntryPoint\",\"urlTemplate\":\"https:\/\/garmentech.mx\/?s={search_term_string}\"},\"query-input\":{\"@type\":\"PropertyValueSpecification\",\"valueRequired\":true,\"valueName\":\"search_term_string\"}}],\"inLanguage\":\"es\"},{\"@type\":\"Organization\",\"@id\":\"https:\/\/garmentech.mx\/#organization\",\"name\":\"GARMENTECH\",\"url\":\"https:\/\/garmentech.mx\/\",\"logo\":{\"@type\":\"ImageObject\",\"inLanguage\":\"es\",\"@id\":\"https:\/\/garmentech.mx\/#\/schema\/logo\/image\/\",\"url\":\"https:\/\/garmentech.mx\/wp-content\/uploads\/2026\/01\/garmen_bco-scaled.png\",\"contentUrl\":\"https:\/\/garmentech.mx\/wp-content\/uploads\/2026\/01\/garmen_bco-scaled.png\",\"width\":2560,\"height\":557,\"caption\":\"GARMENTECH\"},\"image\":{\"@id\":\"https:\/\/garmentech.mx\/#\/schema\/logo\/image\/\"}}]}<\/script>\n<!-- \/ Yoast SEO plugin. -->","yoast_head_json":{"title":"VIDEOVIGILANCIA - GARMENTECH","robots":{"index":"index","follow":"follow","max-snippet":"max-snippet:-1","max-image-preview":"max-image-preview:large","max-video-preview":"max-video-preview:-1"},"canonical":"https:\/\/garmentech.mx\/index.php\/sample-page\/video-vigilancia\/","og_locale":"es_MX","og_type":"article","og_title":"VIDEOVIGILANCIA - GARMENTECH","og_description":"videovigilancia Productos de Videovigilancia Soluciones profesionales para hogar y negocio C\u00e1maras HD Ideal para exteriores, visi\u00f3n nocturna y alta definici\u00f3n. Cotizar por WhatsApp C\u00e1mara IP WiFi Monitorea desde tu celular, audio y detecci\u00f3n de movimiento. Cotizar por WhatsApp DVR \/ NVR Grabaci\u00f3n continua, acceso remoto y respaldo seguro. Cotizar por WhatsApp Kit de Videovigilancia Incluye [&hellip;]","og_url":"https:\/\/garmentech.mx\/index.php\/sample-page\/video-vigilancia\/","og_site_name":"GARMENTECH","article_modified_time":"2026-01-29T22:07:22+00:00","og_image":[{"url":"https:\/\/garmentech.mx\/wp-content\/uploads\/2026\/01\/dvr-nvr-1.jpg","type":"","width":"","height":""}],"twitter_card":"summary_large_image","twitter_misc":{"Tiempo de lectura":"2 minutos"},"schema":{"@context":"https:\/\/schema.org","@graph":[{"@type":"WebPage","@id":"https:\/\/garmentech.mx\/index.php\/sample-page\/video-vigilancia\/","url":"https:\/\/garmentech.mx\/index.php\/sample-page\/video-vigilancia\/","name":"VIDEOVIGILANCIA - GARMENTECH","isPartOf":{"@id":"https:\/\/garmentech.mx\/#website"},"primaryImageOfPage":{"@id":"https:\/\/garmentech.mx\/index.php\/sample-page\/video-vigilancia\/#primaryimage"},"image":{"@id":"https:\/\/garmentech.mx\/index.php\/sample-page\/video-vigilancia\/#primaryimage"},"thumbnailUrl":"https:\/\/garmentech.mx\/wp-content\/uploads\/2026\/01\/dvr-nvr-1.jpg","datePublished":"2026-01-25T04:13:11+00:00","dateModified":"2026-01-29T22:07:22+00:00","breadcrumb":{"@id":"https:\/\/garmentech.mx\/index.php\/sample-page\/video-vigilancia\/#breadcrumb"},"inLanguage":"es","potentialAction":[{"@type":"ReadAction","target":["https:\/\/garmentech.mx\/index.php\/sample-page\/video-vigilancia\/"]}]},{"@type":"ImageObject","inLanguage":"es","@id":"https:\/\/garmentech.mx\/index.php\/sample-page\/video-vigilancia\/#primaryimage","url":"https:\/\/garmentech.mx\/wp-content\/uploads\/2026\/01\/dvr-nvr-1.jpg","contentUrl":"https:\/\/garmentech.mx\/wp-content\/uploads\/2026\/01\/dvr-nvr-1.jpg","width":256,"height":256},{"@type":"BreadcrumbList","@id":"https:\/\/garmentech.mx\/index.php\/sample-page\/video-vigilancia\/#breadcrumb","itemListElement":[{"@type":"ListItem","position":1,"name":"Inicio","item":"https:\/\/garmentech.mx\/"},{"@type":"ListItem","position":2,"name":"PRODUCTOS","item":"https:\/\/garmentech.mx\/index.php\/sample-page\/"},{"@type":"ListItem","position":3,"name":"VIDEOVIGILANCIA"}]},{"@type":"WebSite","@id":"https:\/\/garmentech.mx\/#website","url":"https:\/\/garmentech.mx\/","name":"GARMENTECH","description":"Soluciones Tecnologicas para tu Dia","publisher":{"@id":"https:\/\/garmentech.mx\/#organization"},"potentialAction":[{"@type":"SearchAction","target":{"@type":"EntryPoint","urlTemplate":"https:\/\/garmentech.mx\/?s={search_term_string}"},"query-input":{"@type":"PropertyValueSpecification","valueRequired":true,"valueName":"search_term_string"}}],"inLanguage":"es"},{"@type":"Organization","@id":"https:\/\/garmentech.mx\/#organization","name":"GARMENTECH","url":"https:\/\/garmentech.mx\/","logo":{"@type":"ImageObject","inLanguage":"es","@id":"https:\/\/garmentech.mx\/#\/schema\/logo\/image\/","url":"https:\/\/garmentech.mx\/wp-content\/uploads\/2026\/01\/garmen_bco-scaled.png","contentUrl":"https:\/\/garmentech.mx\/wp-content\/uploads\/2026\/01\/garmen_bco-scaled.png","width":2560,"height":557,"caption":"GARMENTECH"},"image":{"@id":"https:\/\/garmentech.mx\/#\/schema\/logo\/image\/"}}]}},"_links":{"self":[{"href":"https:\/\/garmentech.mx\/index.php\/wp-json\/wp\/v2\/pages\/42","targetHints":{"allow":["GET"]}}],"collection":[{"href":"https:\/\/garmentech.mx\/index.php\/wp-json\/wp\/v2\/pages"}],"about":[{"href":"https:\/\/garmentech.mx\/index.php\/wp-json\/wp\/v2\/types\/page"}],"author":[{"embeddable":true,"href":"https:\/\/garmentech.mx\/index.php\/wp-json\/wp\/v2\/users\/1"}],"replies":[{"embeddable":true,"href":"https:\/\/garmentech.mx\/index.php\/wp-json\/wp\/v2\/comments?post=42"}],"version-history":[{"count":20,"href":"https:\/\/garmentech.mx\/index.php\/wp-json\/wp\/v2\/pages\/42\/revisions"}],"predecessor-version":[{"id":267,"href":"https:\/\/garmentech.mx\/index.php\/wp-json\/wp\/v2\/pages\/42\/revisions\/267"}],"up":[{"embeddable":true,"href":"https:\/\/garmentech.mx\/index.php\/wp-json\/wp\/v2\/pages\/2"}],"wp:attachment":[{"href":"https:\/\/garmentech.mx\/index.php\/wp-json\/wp\/v2\/media?parent=42"}],"curies":[{"name":"wp","href":"https:\/\/api.w.org\/{rel}","templated":true}]}}